{"id":12,"date":"2011-10-22T11:36:11","date_gmt":"2011-10-22T09:36:11","guid":{"rendered":"http:\/\/www.visfoundation.org\/?page_id=12"},"modified":"2022-05-30T12:42:36","modified_gmt":"2022-05-30T10:42:36","slug":"historias","status":"publish","type":"page","link":"https:\/\/international.visfoundation.org\/es\/historias\/","title":{"rendered":"Historias"},"content":{"rendered":"\t\t<div data-elementor-type=\"wp-post\" data-elementor-id=\"12\" class=\"elementor elementor-12\" data-elementor-post-type=\"page\">\n\t\t\t\t\t\t<section class=\"elementor-section elementor-top-section elementor-element elementor-element-d6edafa elementor-section-boxed elementor-section-height-default elementor-section-height-default\" data-id=\"d6edafa\" data-element_type=\"section\" data-e-type=\"section\">\n\t\t\t\t\t\t<div class=\"elementor-container elementor-column-gap-default\">\n\t\t\t\t\t<div class=\"elementor-column elementor-col-100 elementor-top-column elementor-element elementor-element-a631e61\" data-id=\"a631e61\" data-element_type=\"column\" data-e-type=\"column\">\n\t\t\t<div class=\"elementor-widget-wrap elementor-element-populated\">\n\t\t\t\t\t\t<div class=\"elementor-element elementor-element-1b15253 elementor-widget elementor-widget-heading\" data-id=\"1b15253\" data-element_type=\"widget\" data-e-type=\"widget\" data-widget_type=\"heading.default\">\n\t\t\t\t<div class=\"elementor-widget-container\">\n\t\t\t\t\t<h1 class=\"elementor-heading-title elementor-size-default\">LAS HISTORIAS DE VIS FOUNDATION<\/h1>\t\t\t\t<\/div>\n\t\t\t\t<\/div>\n\t\t\t\t<div class=\"elementor-element elementor-element-9f7fc3e elementor-widget elementor-widget-heading\" data-id=\"9f7fc3e\" data-element_type=\"widget\" data-e-type=\"widget\" data-widget_type=\"heading.default\">\n\t\t\t\t<div class=\"elementor-widget-container\">\n\t\t\t\t\t<p class=\"elementor-heading-title elementor-size-default\">Porque detr\u00e1s de todo lo que hacemos hay personas, <br>y detr\u00e1s de las personas hay historias.<\/p>\t\t\t\t<\/div>\n\t\t\t\t<\/div>\n\t\t\t\t<div class=\"elementor-element elementor-element-6e09583 elementor-grid-2 elementor-posts--align-center elementor-grid-tablet-2 elementor-grid-mobile-1 elementor-posts--thumbnail-top elementor-widget elementor-widget-posts\" data-id=\"6e09583\" data-element_type=\"widget\" data-e-type=\"widget\" data-settings=\"{&quot;classic_columns&quot;:&quot;2&quot;,&quot;classic_row_gap&quot;:{&quot;unit&quot;:&quot;px&quot;,&quot;size&quot;:55,&quot;sizes&quot;:[]},&quot;pagination_type&quot;:&quot;prev_next&quot;,&quot;classic_columns_tablet&quot;:&quot;2&quot;,&quot;classic_columns_mobile&quot;:&quot;1&quot;,&quot;classic_row_gap_tablet&quot;:{&quot;unit&quot;:&quot;px&quot;,&quot;size&quot;:&quot;&quot;,&quot;sizes&quot;:[]},&quot;classic_row_gap_mobile&quot;:{&quot;unit&quot;:&quot;px&quot;,&quot;size&quot;:&quot;&quot;,&quot;sizes&quot;:[]}}\" data-widget_type=\"posts.classic\">\n\t\t\t\t<div class=\"elementor-widget-container\">\n\t\t\t\t\t\t\t<div class=\"elementor-posts-container elementor-posts elementor-posts--skin-classic elementor-grid\" role=\"list\">\n\t\t\t\t<article class=\"elementor-post elementor-grid-item post-2949 post type-post status-publish format-standard has-post-thumbnail hentry category-noticias\" role=\"listitem\">\n\t\t\t\t<a class=\"elementor-post__thumbnail__link\" href=\"https:\/\/international.visfoundation.org\/es\/2020\/02\/21\/tutela-y-proteccion-de-menores-proyecto-de-vis-en-barcelona\/\" tabindex=\"-1\" >\n\t\t\t<div class=\"elementor-post__thumbnail\"><img fetchpriority=\"high\" decoding=\"async\" width=\"800\" height=\"600\" src=\"https:\/\/international.visfoundation.org\/wp-content\/uploads\/sites\/19\/2020\/02\/IMG_1751-1024x768.jpg\" class=\"attachment-large size-large wp-image-2953\" alt=\"\" srcset=\"https:\/\/international.visfoundation.org\/wp-content\/uploads\/sites\/19\/2020\/02\/IMG_1751-1024x768.jpg 1024w, https:\/\/international.visfoundation.org\/wp-content\/uploads\/sites\/19\/2020\/02\/IMG_1751-300x225.jpg 300w, https:\/\/international.visfoundation.org\/wp-content\/uploads\/sites\/19\/2020\/02\/IMG_1751-768x576.jpg 768w, https:\/\/international.visfoundation.org\/wp-content\/uploads\/sites\/19\/2020\/02\/IMG_1751.jpg 1440w\" sizes=\"(max-width: 800px) 100vw, 800px\" \/><\/div>\n\t\t<\/a>\n\t\t\t\t<div class=\"elementor-post__text\">\n\t\t\t\t<h3 class=\"elementor-post__title\">\n\t\t\t<a href=\"https:\/\/international.visfoundation.org\/es\/2020\/02\/21\/tutela-y-proteccion-de-menores-proyecto-de-vis-en-barcelona\/\" >\n\t\t\t\tTutela y protecci\u00f3n de menores: proyecto de VIS en Barcelona\t\t\t<\/a>\n\t\t<\/h3>\n\t\t\t\t<\/div>\n\t\t\t\t<\/article>\n\t\t\t\t<article class=\"elementor-post elementor-grid-item post-2908 post type-post status-publish format-standard has-post-thumbnail hentry category-noticias\" role=\"listitem\">\n\t\t\t\t<a class=\"elementor-post__thumbnail__link\" href=\"https:\/\/international.visfoundation.org\/es\/2019\/11\/02\/un-dia-en-la-cite-testimonio-de-dos-voluntarios-de-la-misionhumanitaria-ruanda-2019\/\" tabindex=\"-1\" >\n\t\t\t<div class=\"elementor-post__thumbnail\"><img decoding=\"async\" width=\"768\" height=\"1024\" src=\"https:\/\/international.visfoundation.org\/wp-content\/uploads\/sites\/19\/2019\/10\/IMG_7413-e1570824671395-768x1024.jpg\" class=\"attachment-large size-large wp-image-2589\" alt=\"\" srcset=\"https:\/\/international.visfoundation.org\/wp-content\/uploads\/sites\/19\/2019\/10\/IMG_7413-e1570824671395-768x1024.jpg 768w, https:\/\/international.visfoundation.org\/wp-content\/uploads\/sites\/19\/2019\/10\/IMG_7413-e1570824671395-225x300.jpg 225w\" sizes=\"(max-width: 768px) 100vw, 768px\" \/><\/div>\n\t\t<\/a>\n\t\t\t\t<div class=\"elementor-post__text\">\n\t\t\t\t<h3 class=\"elementor-post__title\">\n\t\t\t<a href=\"https:\/\/international.visfoundation.org\/es\/2019\/11\/02\/un-dia-en-la-cite-testimonio-de-dos-voluntarios-de-la-misionhumanitaria-ruanda-2019\/\" >\n\t\t\t\tUn d\u00eda en la Cit\u00e8: testimonio de dos voluntarios de la Misi\u00f3n Humanitaria Ruanda 2019\t\t\t<\/a>\n\t\t<\/h3>\n\t\t\t\t<\/div>\n\t\t\t\t<\/article>\n\t\t\t\t<article class=\"elementor-post elementor-grid-item post-2571 post type-post status-publish format-standard has-post-thumbnail hentry category-galerias-de-fotos category-noticias\" role=\"listitem\">\n\t\t\t\t<a class=\"elementor-post__thumbnail__link\" href=\"https:\/\/international.visfoundation.org\/es\/2019\/10\/11\/cronica-de-la-mision-humanitaria-en-ruanda-en-julio-de-2019\/\" tabindex=\"-1\" >\n\t\t\t<div class=\"elementor-post__thumbnail\"><img decoding=\"async\" width=\"800\" height=\"800\" src=\"https:\/\/international.visfoundation.org\/wp-content\/uploads\/sites\/19\/2019\/10\/BJMQ4014-1024x1024.jpg\" class=\"attachment-large size-large wp-image-2573\" alt=\"\" srcset=\"https:\/\/international.visfoundation.org\/wp-content\/uploads\/sites\/19\/2019\/10\/BJMQ4014-1024x1024.jpg 1024w, https:\/\/international.visfoundation.org\/wp-content\/uploads\/sites\/19\/2019\/10\/BJMQ4014-150x150.jpg 150w, https:\/\/international.visfoundation.org\/wp-content\/uploads\/sites\/19\/2019\/10\/BJMQ4014-300x300.jpg 300w, https:\/\/international.visfoundation.org\/wp-content\/uploads\/sites\/19\/2019\/10\/BJMQ4014-768x768.jpg 768w, https:\/\/international.visfoundation.org\/wp-content\/uploads\/sites\/19\/2019\/10\/BJMQ4014.jpg 1200w\" sizes=\"(max-width: 800px) 100vw, 800px\" \/><\/div>\n\t\t<\/a>\n\t\t\t\t<div class=\"elementor-post__text\">\n\t\t\t\t<h3 class=\"elementor-post__title\">\n\t\t\t<a href=\"https:\/\/international.visfoundation.org\/es\/2019\/10\/11\/cronica-de-la-mision-humanitaria-en-ruanda-en-julio-de-2019\/\" >\n\t\t\t\tCr\u00f3nica de la Misi\u00f3n Humanitaria en Ruanda en Julio de 2019\t\t\t<\/a>\n\t\t<\/h3>\n\t\t\t\t<\/div>\n\t\t\t\t<\/article>\n\t\t\t\t<article class=\"elementor-post elementor-grid-item post-1211 post type-post status-publish format-standard has-post-thumbnail hentry category-noticias\" role=\"listitem\">\n\t\t\t\t<a class=\"elementor-post__thumbnail__link\" href=\"https:\/\/international.visfoundation.org\/es\/2018\/10\/02\/cronica-de-las-misiones-humanitarias-en-india-2018\/\" tabindex=\"-1\" >\n\t\t\t<div class=\"elementor-post__thumbnail\"><img loading=\"lazy\" decoding=\"async\" width=\"800\" height=\"450\" src=\"https:\/\/international.visfoundation.org\/wp-content\/uploads\/sites\/19\/2018\/10\/38872967_2000963276600731_6672135255140335616_n.jpg\" class=\"attachment-large size-large wp-image-1213\" alt=\"\" srcset=\"https:\/\/international.visfoundation.org\/wp-content\/uploads\/sites\/19\/2018\/10\/38872967_2000963276600731_6672135255140335616_n.jpg 960w, https:\/\/international.visfoundation.org\/wp-content\/uploads\/sites\/19\/2018\/10\/38872967_2000963276600731_6672135255140335616_n-300x169.jpg 300w, https:\/\/international.visfoundation.org\/wp-content\/uploads\/sites\/19\/2018\/10\/38872967_2000963276600731_6672135255140335616_n-768x432.jpg 768w\" sizes=\"(max-width: 800px) 100vw, 800px\" \/><\/div>\n\t\t<\/a>\n\t\t\t\t<div class=\"elementor-post__text\">\n\t\t\t\t<h3 class=\"elementor-post__title\">\n\t\t\t<a href=\"https:\/\/international.visfoundation.org\/es\/2018\/10\/02\/cronica-de-las-misiones-humanitarias-en-india-2018\/\" >\n\t\t\t\tCr\u00f3nica de las Misiones Humanitarias en India 2018\t\t\t<\/a>\n\t\t<\/h3>\n\t\t\t\t<\/div>\n\t\t\t\t<\/article>\n\t\t\t\t<article class=\"elementor-post elementor-grid-item post-1026 post type-post status-publish format-standard has-post-thumbnail hentry category-noticias\" role=\"listitem\">\n\t\t\t\t<a class=\"elementor-post__thumbnail__link\" href=\"https:\/\/international.visfoundation.org\/es\/2016\/09\/29\/breve-cronica-las-misiones-humanitarias-2016-salvador\/\" tabindex=\"-1\" >\n\t\t\t<div class=\"elementor-post__thumbnail\"><img loading=\"lazy\" decoding=\"async\" width=\"800\" height=\"451\" src=\"https:\/\/international.visfoundation.org\/wp-content\/uploads\/sites\/19\/2016\/09\/sv16-38-1024x577.jpg\" class=\"attachment-large size-large wp-image-1023\" alt=\"\" srcset=\"https:\/\/international.visfoundation.org\/wp-content\/uploads\/sites\/19\/2016\/09\/sv16-38-1024x577.jpg 1024w, https:\/\/international.visfoundation.org\/wp-content\/uploads\/sites\/19\/2016\/09\/sv16-38-300x169.jpg 300w, https:\/\/international.visfoundation.org\/wp-content\/uploads\/sites\/19\/2016\/09\/sv16-38-768x433.jpg 768w, https:\/\/international.visfoundation.org\/wp-content\/uploads\/sites\/19\/2016\/09\/sv16-38.jpg 1916w\" sizes=\"(max-width: 800px) 100vw, 800px\" \/><\/div>\n\t\t<\/a>\n\t\t\t\t<div class=\"elementor-post__text\">\n\t\t\t\t<h3 class=\"elementor-post__title\">\n\t\t\t<a href=\"https:\/\/international.visfoundation.org\/es\/2016\/09\/29\/breve-cronica-las-misiones-humanitarias-2016-salvador\/\" >\n\t\t\t\tBreve cr\u00f3nica de las Misiones Humanitarias 2016 en El Salvador\t\t\t<\/a>\n\t\t<\/h3>\n\t\t\t\t<\/div>\n\t\t\t\t<\/article>\n\t\t\t\t<article class=\"elementor-post elementor-grid-item post-919 post type-post status-publish format-standard has-post-thumbnail hentry category-noticias\" role=\"listitem\">\n\t\t\t\t<a class=\"elementor-post__thumbnail__link\" href=\"https:\/\/international.visfoundation.org\/es\/2016\/05\/19\/ya-puedes-ayudarnos-gratis-traves-helpfreely\/\" tabindex=\"-1\" >\n\t\t\t<div class=\"elementor-post__thumbnail\"><img loading=\"lazy\" decoding=\"async\" width=\"800\" height=\"343\" src=\"https:\/\/international.visfoundation.org\/wp-content\/uploads\/sites\/19\/2016\/05\/vishf.png\" class=\"attachment-large size-large wp-image-921\" alt=\"\" srcset=\"https:\/\/international.visfoundation.org\/wp-content\/uploads\/sites\/19\/2016\/05\/vishf.png 1000w, https:\/\/international.visfoundation.org\/wp-content\/uploads\/sites\/19\/2016\/05\/vishf-300x129.png 300w, https:\/\/international.visfoundation.org\/wp-content\/uploads\/sites\/19\/2016\/05\/vishf-768x329.png 768w\" sizes=\"(max-width: 800px) 100vw, 800px\" \/><\/div>\n\t\t<\/a>\n\t\t\t\t<div class=\"elementor-post__text\">\n\t\t\t\t<h3 class=\"elementor-post__title\">\n\t\t\t<a href=\"https:\/\/international.visfoundation.org\/es\/2016\/05\/19\/ya-puedes-ayudarnos-gratis-traves-helpfreely\/\" >\n\t\t\t\t\u00a1Ya puedes ayudarnos gratis a trav\u00e9s de HelpFreely!\t\t\t<\/a>\n\t\t<\/h3>\n\t\t\t\t<\/div>\n\t\t\t\t<\/article>\n\t\t\t\t<\/div>\n\t\t\n\t\t\t\t<div class=\"e-load-more-anchor\" data-page=\"1\" data-max-page=\"3\" data-next-page=\"https:\/\/international.visfoundation.org\/es\/wp-json\/wp\/v2\/pages\/12\/page\/2\/\"><\/div>\n\t\t\t\t<nav class=\"elementor-pagination\" aria-label=\"Paginaci\u00f3n\">\n\t\t\t<span class=\"page-numbers prev\">&laquo; Anterior<\/span>\n<a class=\"page-numbers next\" href=\"https:\/\/international.visfoundation.org\/es\/wp-json\/wp\/v2\/pages\/12\/page\/2\/\">Siguiente &raquo;<\/a>\t\t<\/nav>\n\t\t\t\t\t\t<\/div>\n\t\t\t\t<\/div>\n\t\t\t\t\t<\/div>\n\t\t<\/div>\n\t\t\t\t\t<\/div>\n\t\t<\/section>\n\t\t\t\t<\/div>\n\t\t","protected":false},"excerpt":{"rendered":"<p>LAS HISTORIAS DE VIS FOUNDATION Porque detr\u00e1s de todo lo que hacemos hay personas, y detr\u00e1s de las personas hay historias.<\/p>\n","protected":false},"author":1,"featured_media":0,"parent":0,"menu_order":0,"comment_status":"open","ping_status":"closed","template":"","meta":{"footnotes":""},"class_list":["post-12","page","type-page","status-publish","hentry"],"_links":{"self":[{"href":"https:\/\/international.visfoundation.org\/es\/wp-json\/wp\/v2\/pages\/12","targetHints":{"allow":["GET"]}}],"collection":[{"href":"https:\/\/international.visfoundation.org\/es\/wp-json\/wp\/v2\/pages"}],"about":[{"href":"https:\/\/international.visfoundation.org\/es\/wp-json\/wp\/v2\/types\/page"}],"author":[{"embeddable":true,"href":"https:\/\/international.visfoundation.org\/es\/wp-json\/wp\/v2\/users\/1"}],"replies":[{"embeddable":true,"href":"https:\/\/international.visfoundation.org\/es\/wp-json\/wp\/v2\/comments?post=12"}],"version-history":[{"count":0,"href":"https:\/\/international.visfoundation.org\/es\/wp-json\/wp\/v2\/pages\/12\/revisions"}],"wp:attachment":[{"href":"https:\/\/international.visfoundation.org\/es\/wp-json\/wp\/v2\/media?parent=12"}],"curies":[{"name":"wp","href":"https:\/\/api.w.org\/{rel}","templated":true}]}}